{"id":30160,"date":"2025-10-21T10:16:29","date_gmt":"2025-10-21T08:16:29","guid":{"rendered":"https:\/\/temerecesermasfeliz.com\/sesiones-online\/"},"modified":"2026-02-26T09:47:51","modified_gmt":"2026-02-26T08:47:51","slug":"therapie-en-ligne","status":"publish","type":"page","link":"https:\/\/temerecesermasfeliz.com\/fr\/therapie-en-ligne\/","title":{"rendered":"Th\u00e9rapie en ligne"},"content":{"rendered":"\t\t<div data-elementor-type=\"wp-page\" data-elementor-id=\"30160\" class=\"elementor elementor-30160\" data-elementor-post-type=\"page\">\n\t\t\t\t<div class=\"elementor-element elementor-element-1c1e2729 e-flex e-con-boxed sc_layouts_column_icons_position_left e-con e-parent\" data-id=\"1c1e2729\" data-element_type=\"container\" data-e-type=\"container\">\n\t\t\t\t\t<div class=\"e-con-inner\">\n\t\t<div class=\"elementor-element elementor-element-1964bd5a e-con-full e-flex sc_layouts_column_icons_position_left e-con e-child\" data-id=\"1964bd5a\" data-element_type=\"container\" data-e-type=\"container\">\n\t\t\t\t<div data-animation-type=\"block\" class=\"elementor-element elementor-element-771023e animation_type_block sc_fly_static elementor-invisible elementor-widget elementor-widget-heading\" data-id=\"771023e\" data-element_type=\"widget\" data-e-type=\"widget\" data-settings=\"{&quot;_animation&quot;:&quot;advice-fadeinup&quot;}\" data-widget_type=\"heading.default\">\n\t\t\t\t<div class=\"elementor-widget-container\">\n\t\t\t\t\t<h1 class=\"elementor-heading-title elementor-size-default\">Th\u00e9rapie En Ligne\n\n<\/h1>\t\t\t\t<\/div>\n\t\t\t\t<\/div>\n\t\t\t\t<div class=\"elementor-element elementor-element-6352c826 sc_fly_static elementor-widget elementor-widget-text-editor\" data-id=\"6352c826\" data-element_type=\"widget\" data-e-type=\"widget\" data-widget_type=\"text-editor.default\">\n\t\t\t\t<div class=\"elementor-widget-container\">\n\t\t\t\t\t\t\t\t\t<p>Nous vous proposons des <strong>consultations en ligne.<\/strong><\/p><p>Vous pourrez commencer votre accompagnement <strong>en toute simplicit\u00e9<\/strong>, sans <strong>contraintes de d\u00e9placement.<\/strong><\/p><p>La th\u00e9rapie en ligne suit les <strong>m\u00eames principes et m\u00e9thodes<\/strong> que la th\u00e9rapie pr\u00e9sentielle, seule la distance change. Vous aurez simplement besoin, d\u2019un ordinateur ou une tablette connect\u00e9e \u00e0 internet.<\/p><p>De nombreuses recherches montrent que <strong>la th\u00e9rapie en ligne offre des r\u00e9sultats \u00e9quivalents<\/strong> \u00e0 ceux d\u2019une consultation en pr\u00e9sentiel.<\/p>\t\t\t\t\t\t\t\t<\/div>\n\t\t\t\t<\/div>\n\t\t\t\t<\/div>\n\t\t<div class=\"elementor-element elementor-element-df23e71 e-con-full e-flex sc_layouts_column_icons_position_left e-con e-child\" data-id=\"df23e71\" data-element_type=\"container\" data-e-type=\"container\">\n\t\t\t\t<div class=\"elementor-element elementor-element-cc0e93e elementor-widget__width-initial sc_fly_static elementor-widget elementor-widget-image\" data-id=\"cc0e93e\" data-element_type=\"widget\" data-e-type=\"widget\" data-widget_type=\"image.default\">\n\t\t\t\t<div class=\"elementor-widget-container\">\n\t\t\t\t\t\t\t\t\t\t\t\t\t\t\t<img fetchpriority=\"high\" decoding=\"async\" width=\"600\" height=\"550\" src=\"https:\/\/temerecesermasfeliz.com\/wp-content\/uploads\/2025\/10\/temereceserfeliz-4a.jpg\" class=\"attachment-full size-full wp-image-28279\" alt=\"\" srcset=\"https:\/\/temerecesermasfeliz.com\/wp-content\/uploads\/2025\/10\/temereceserfeliz-4a.jpg 600w, https:\/\/temerecesermasfeliz.com\/wp-content\/uploads\/2025\/10\/temereceserfeliz-4a-300x275.jpg 300w, https:\/\/temerecesermasfeliz.com\/wp-content\/uploads\/2025\/10\/temereceserfeliz-4a-370x339.jpg 370w, https:\/\/temerecesermasfeliz.com\/wp-content\/uploads\/2025\/10\/temereceserfeliz-4a-410x376.jpg 410w\" sizes=\"(max-width: 600px) 100vw, 600px\" \/>\t\t\t\t\t\t\t\t\t\t\t\t\t\t\t<\/div>\n\t\t\t\t<\/div>\n\t\t\t\t<\/div>\n\t\t\t\t\t<\/div>\n\t\t\t\t<\/div>\n\t\t<div class=\"elementor-element elementor-element-5eacd819 e-flex e-con-boxed sc_layouts_column_icons_position_left e-con e-parent\" data-id=\"5eacd819\" data-element_type=\"container\" data-e-type=\"container\">\n\t\t\t\t\t<div class=\"e-con-inner\">\n\t\t\t\t<div class=\"elementor-element elementor-element-4f337365 sc_fly_static elementor-widget elementor-widget-spacer\" data-id=\"4f337365\" data-element_type=\"widget\" data-e-type=\"widget\" data-widget_type=\"spacer.default\">\n\t\t\t\t<div class=\"elementor-widget-container\">\n\t\t\t\t\t\t\t<div class=\"elementor-spacer\">\n\t\t\t<div class=\"elementor-spacer-inner\"><\/div>\n\t\t<\/div>\n\t\t\t\t\t\t<\/div>\n\t\t\t\t<\/div>\n\t\t\t\t\t<\/div>\n\t\t\t\t<\/div>\n\t\t<div class=\"e-con-gap-no elementor-element elementor-element-1f5272b e-flex e-con-boxed sc_layouts_column_icons_position_left e-con e-parent\" data-id=\"1f5272b\" data-element_type=\"container\" data-e-type=\"container\" data-settings=\"{&quot;background_background&quot;:&quot;classic&quot;}\">\n\t\t\t\t\t<div class=\"e-con-inner\">\n\t\t<div class=\"e-con-gap-no elementor-element elementor-element-704e9a6 e-con-full e-flex sc_layouts_column_icons_position_left e-con e-child\" data-id=\"704e9a6\" data-element_type=\"container\" data-e-type=\"container\" data-settings=\"{&quot;background_background&quot;:&quot;classic&quot;}\">\n\t\t<div class=\"elementor-element elementor-element-f56e2ea e-con-full e-flex sc_layouts_column_icons_position_left e-con e-child\" data-id=\"f56e2ea\" data-element_type=\"container\" data-e-type=\"container\" data-settings=\"{&quot;background_background&quot;:&quot;classic&quot;}\">\n\t\t<div class=\"elementor-element elementor-element-3f037a7 e-con-full e-flex sc_layouts_column_icons_position_left e-con e-child\" data-id=\"3f037a7\" data-element_type=\"container\" data-e-type=\"container\">\n\t\t\t\t<div data-animation-type=\"block\" class=\"elementor-element elementor-element-7166167 animation_type_block sc_fly_static elementor-invisible elementor-widget elementor-widget-heading\" data-id=\"7166167\" data-element_type=\"widget\" data-e-type=\"widget\" data-settings=\"{&quot;_animation&quot;:&quot;advice-fadeinup&quot;}\" data-widget_type=\"heading.default\">\n\t\t\t\t<div class=\"elementor-widget-container\">\n\t\t\t\t\t<h2 class=\"elementor-heading-title elementor-size-default\">Avantages De La Th\u00e9rapie En Ligne<\/h2>\t\t\t\t<\/div>\n\t\t\t\t<\/div>\n\t\t\t\t<\/div>\n\t\t<div class=\"elementor-element elementor-element-f456a83 e-con-full e-flex sc_layouts_column_icons_position_left e-con e-child\" data-id=\"f456a83\" data-element_type=\"container\" data-e-type=\"container\">\n\t\t\t\t<div class=\"elementor-element elementor-element-2a98736 sc_fly_static elementor-widget elementor-widget-text-editor\" data-id=\"2a98736\" data-element_type=\"widget\" data-e-type=\"widget\" data-widget_type=\"text-editor.default\">\n\t\t\t\t<div class=\"elementor-widget-container\">\n\t\t\t\t\t\t\t\t\t<ul><li>Sans contraintes de temps et de distance.<\/li><li>M\u00eame niveau de confidentialit\u00e9, professionnalisme et \u00e9thique qu\u00b4en consultation pr\u00e9sentielle<\/li><li>Tr\u00e8s pratique pour les personnes souvent en d\u00e9placement ou expatri\u00e9es<\/li><\/ul><p>Et surtout, vous pouvez choisir le psychologue qui vous convient le plus, o\u00f9 que vous soyez.<\/p><p>Nous utilisons une <strong>plateforme enti\u00e8rement s\u00e9curis\u00e9e<\/strong>, offerte par el Colegio Oficial de la Psicolog\u00eda de Madrid, qui garantit la <strong>protection maximale de vos donn\u00e9es.<\/strong><\/p><p>Si vous le souhaitez, <strong>vous pouvez \u00e9galement venir nous rencontrer dans notre cabinet<\/strong> situ\u00e9 \u00e0 Hortaleza, Parque Conde de Orgaz, \u00e0 c\u00f4t\u00e9 du Lyc\u00e9e Fran\u00e7ais de Madrid, au nord de Madrid.<\/p>\t\t\t\t\t\t\t\t<\/div>\n\t\t\t\t<\/div>\n\t\t\t\t<\/div>\n\t\t\t\t<\/div>\n\t\t\t\t<\/div>\n\t\t\t\t\t<\/div>\n\t\t\t\t<\/div>\n\t\t<div class=\"elementor-element elementor-element-dcc5443 e-flex e-con-boxed sc_layouts_column_icons_position_left e-con e-parent\" data-id=\"dcc5443\" data-element_type=\"container\" data-e-type=\"container\">\n\t\t\t\t\t<div class=\"e-con-inner\">\n\t\t\t\t<div class=\"elementor-element elementor-element-291efbe sc_fly_static elementor-widget elementor-widget-shortcode\" data-id=\"291efbe\" data-element_type=\"widget\" data-e-type=\"widget\" data-widget_type=\"shortcode.default\">\n\t\t\t\t<div class=\"elementor-widget-container\">\n\t\t\t\t\t\t\t<div class=\"elementor-shortcode\">\t\t<div data-elementor-type=\"section\" data-elementor-id=\"30566\" class=\"elementor elementor-30566\" data-elementor-post-type=\"elementor_library\">\n\t\t\t\t\t<section class=\"elementor-section elementor-top-section elementor-element elementor-element-42508a66 elementor-section-boxed elementor-section-height-default elementor-section-height-default sc_fly_static\" data-id=\"42508a66\" data-element_type=\"section\" data-e-type=\"section\" data-settings=\"{&quot;background_background&quot;:&quot;classic&quot;}\">\n\t\t\t\t\t\t<div class=\"elementor-container elementor-column-gap-extended\">\n\t\t\t\t\t<div class=\"elementor-column elementor-col-100 elementor-top-column elementor-element elementor-element-777c524e sc_layouts_column_align_center sc_layouts_column sc_content_align_inherit sc_layouts_column_icons_position_left sc_fly_static\" data-id=\"777c524e\" data-element_type=\"column\" data-e-type=\"column\">\n\t\t\t<div class=\"elementor-widget-wrap elementor-element-populated\">\n\t\t\t\t\t\t<div class=\"elementor-element elementor-element-100a9563 sc_fly_static elementor-widget elementor-widget-spacer\" data-id=\"100a9563\" data-element_type=\"widget\" data-e-type=\"widget\" data-widget_type=\"spacer.default\">\n\t\t\t\t<div class=\"elementor-widget-container\">\n\t\t\t\t\t\t\t<div class=\"elementor-spacer\">\n\t\t\t<div class=\"elementor-spacer-inner\"><\/div>\n\t\t<\/div>\n\t\t\t\t\t\t<\/div>\n\t\t\t\t<\/div>\n\t\t\t\t<div class=\"elementor-element elementor-element-287ab914 sc_fly_static elementor-widget elementor-widget-spacer\" data-id=\"287ab914\" data-element_type=\"widget\" data-e-type=\"widget\" data-widget_type=\"spacer.default\">\n\t\t\t\t<div class=\"elementor-widget-container\">\n\t\t\t\t\t\t\t<div class=\"elementor-spacer\">\n\t\t\t<div class=\"elementor-spacer-inner\"><\/div>\n\t\t<\/div>\n\t\t\t\t\t\t<\/div>\n\t\t\t\t<\/div>\n\t\t\t\t<div data-animation-type=\"block\" class=\"elementor-element elementor-element-d43b251 animation_type_block sc_fly_static elementor-invisible elementor-widget elementor-widget-heading\" data-id=\"d43b251\" data-element_type=\"widget\" data-e-type=\"widget\" data-settings=\"{&quot;_animation&quot;:&quot;advice-fadeinup&quot;}\" data-widget_type=\"heading.default\">\n\t\t\t\t<div class=\"elementor-widget-container\">\n\t\t\t\t\t<h1 class=\"elementor-heading-title elementor-size-default\">Th\u00e9rapie en pr\u00e9sentiel et en ligne<\/h1>\t\t\t\t<\/div>\n\t\t\t\t<\/div>\n\t\t\t\t<div class=\"elementor-element elementor-element-d963303 sc_fly_static elementor-widget elementor-widget-heading\" data-id=\"d963303\" data-element_type=\"widget\" data-e-type=\"widget\" data-widget_type=\"heading.default\">\n\t\t\t\t<div class=\"elementor-widget-container\">\n\t\t\t\t\t<h2 class=\"elementor-heading-title elementor-size-default\">Prenez un premier rendez-vous, en pr\u00e9sentiel ou en ligne.<\/h2>\t\t\t\t<\/div>\n\t\t\t\t<\/div>\n\t\t\t\t<div class=\"elementor-element elementor-element-21d759e9 sc_fly_static elementor-widget elementor-widget-spacer\" data-id=\"21d759e9\" data-element_type=\"widget\" data-e-type=\"widget\" data-widget_type=\"spacer.default\">\n\t\t\t\t<div class=\"elementor-widget-container\">\n\t\t\t\t\t\t\t<div class=\"elementor-spacer\">\n\t\t\t<div class=\"elementor-spacer-inner\"><\/div>\n\t\t<\/div>\n\t\t\t\t\t\t<\/div>\n\t\t\t\t<\/div>\n\t\t\t\t<div data-animation-type=\"block\" class=\"elementor-element elementor-element-26afa929 animation_type_block sc_fly_static elementor-invisible elementor-widget elementor-widget-text-editor\" data-id=\"26afa929\" data-element_type=\"widget\" data-e-type=\"widget\" data-settings=\"{&quot;_animation&quot;:&quot;advice-fadeinup&quot;,&quot;_animation_delay&quot;:100}\" data-widget_type=\"text-editor.default\">\n\t\t\t\t<div class=\"elementor-widget-container\">\n\t\t\t\t\t\t\t\t\t<p>Nous pouvons vous aider \u00e0 surmonter vos difficult\u00e9s et \u00e0 r\u00e9cup\u00e9rer votre bien \u00eatre \u00e9motionnel.<br \/>Notre cabinet est situ\u00e9 \u00e0 Hortaleza, Parque Conde de Orgaz,<br \/>\u00e0 c\u00f4t\u00e9 du Lyc\u00e9e Fran\u00e7ais de Madrid au nord de Madrid.<\/p>\t\t\t\t\t\t\t\t<\/div>\n\t\t\t\t<\/div>\n\t\t\t\t<div class=\"elementor-element elementor-element-2f8c9711 sc_fly_static elementor-widget elementor-widget-spacer\" data-id=\"2f8c9711\" data-element_type=\"widget\" data-e-type=\"widget\" data-widget_type=\"spacer.default\">\n\t\t\t\t<div class=\"elementor-widget-container\">\n\t\t\t\t\t\t\t<div class=\"elementor-spacer\">\n\t\t\t<div class=\"elementor-spacer-inner\"><\/div>\n\t\t<\/div>\n\t\t\t\t\t\t<\/div>\n\t\t\t\t<\/div>\n\t\t\t\t<div data-animation-type=\"block\" class=\"elementor-element elementor-element-7870ea4 elementor-widget__width-auto animation_type_block sc_fly_static elementor-invisible elementor-widget elementor-widget-heading\" data-id=\"7870ea4\" data-element_type=\"widget\" data-e-type=\"widget\" data-settings=\"{&quot;_animation&quot;:&quot;advice-fadeinup&quot;,&quot;_animation_delay&quot;:150}\" data-widget_type=\"heading.default\">\n\t\t\t\t<div class=\"elementor-widget-container\">\n\t\t\t\t\t<h3 class=\"elementor-heading-title elementor-size-default\"><a href=\"tel:639200243\">639 200 243<\/a><\/h3>\t\t\t\t<\/div>\n\t\t\t\t<\/div>\n\t\t\t\t<div class=\"elementor-element elementor-element-784fe7dc sc_fly_static elementor-widget elementor-widget-spacer\" data-id=\"784fe7dc\" data-element_type=\"widget\" data-e-type=\"widget\" data-widget_type=\"spacer.default\">\n\t\t\t\t<div class=\"elementor-widget-container\">\n\t\t\t\t\t\t\t<div class=\"elementor-spacer\">\n\t\t\t<div class=\"elementor-spacer-inner\"><\/div>\n\t\t<\/div>\n\t\t\t\t\t\t<\/div>\n\t\t\t\t<\/div>\n\t\t\t\t<div data-animation-type=\"block\" class=\"elementor-element elementor-element-630c5acc animation_type_block sc_fly_static elementor-invisible elementor-widget elementor-widget-trx_sc_button\" data-id=\"630c5acc\" data-element_type=\"widget\" data-e-type=\"widget\" data-settings=\"{&quot;_animation&quot;:&quot;advice-fadeinup&quot;,&quot;_animation_delay&quot;:200}\" data-widget_type=\"trx_sc_button.default\">\n\t\t\t\t<div class=\"elementor-widget-container\">\n\t\t\t\t\t<div\tclass=\"sc_item_button sc_button_wrap sc_align_center\" ><a href=\"https:\/\/temerecesermasfeliz.com\/fr\/contact\/\" class=\"sc_button sc_button_shadow sc_button_default sc_button_size_normal sc_button_icon_left\" ><span class=\"sc_button_text\"><span class=\"sc_button_title\">Contact<\/span><\/span><\/a><\/div>\t\t\t\t<\/div>\n\t\t\t\t<\/div>\n\t\t\t\t<div class=\"elementor-element elementor-element-9f7e40b sc_fly_static elementor-widget elementor-widget-spacer\" data-id=\"9f7e40b\" data-element_type=\"widget\" data-e-type=\"widget\" data-widget_type=\"spacer.default\">\n\t\t\t\t<div class=\"elementor-widget-container\">\n\t\t\t\t\t\t\t<div class=\"elementor-spacer\">\n\t\t\t<div class=\"elementor-spacer-inner\"><\/div>\n\t\t<\/div>\n\t\t\t\t\t\t<\/div>\n\t\t\t\t<\/div>\n\t\t\t\t<div class=\"elementor-element elementor-element-54d9270c sc_fly_static elementor-widget elementor-widget-spacer\" data-id=\"54d9270c\" data-element_type=\"widget\" data-e-type=\"widget\" data-widget_type=\"spacer.default\">\n\t\t\t\t<div class=\"elementor-widget-container\">\n\t\t\t\t\t\t\t<div class=\"elementor-spacer\">\n\t\t\t<div class=\"elementor-spacer-inner\"><\/div>\n\t\t<\/div>\n\t\t\t\t\t\t<\/div>\n\t\t\t\t<\/div>\n\t\t\t\t\t<\/div>\n\t\t<\/div>\n\t\t\t\t\t<\/div>\n\t\t<\/section>\n\t\t\t\t<\/div>\n\t\t<\/div>\n\t\t\t\t\t\t<\/div>\n\t\t\t\t<\/div>\n\t\t\t\t\t<\/div>\n\t\t\t\t<\/div>\n\t\t\t\t<\/div>\n\t\t","protected":false},"excerpt":{"rendered":"<p>Th\u00e9rapie En Ligne Nous vous proposons des consultations en ligne. Vous pourrez commencer votre accompagnement en toute simplicit\u00e9, sans contraintes de d\u00e9placement. La th\u00e9rapie en ligne suit les m\u00eames principes&hellip;<\/p>\n","protected":false},"author":1,"featured_media":0,"parent":0,"menu_order":0,"comment_status":"closed","ping_status":"closed","template":"","meta":{"footnotes":""},"class_list":["post-30160","page","type-page","status-publish","hentry"],"yoast_head":"<!-- This site is optimized with the Yoast SEO plugin v26.9 - https:\/\/yoast.com\/product\/yoast-seo-wordpress\/ -->\n<title>Th\u00e9rapie en ligne - Psychologue Madrid Hortaleza<\/title>\n<meta name=\"description\" content=\"Sans contrainte de d\u00e9placement - M\u00eames principes et m\u00e9thodes que th\u00e9rapie pr\u00e9sentielle - Pratique si en d\u00e9placement ou expatri\u00e9 - Plateforme s\u00e9curis\u00e9e\" \/>\n<meta name=\"robots\" content=\"index, follow, max-snippet:-1, max-image-preview:large, max-video-preview:-1\" \/>\n<link rel=\"canonical\" href=\"https:\/\/temerecesermasfeliz.com\/fr\/therapie-en-ligne\/\" \/>\n<meta property=\"og:locale\" content=\"fr_FR\" \/>\n<meta property=\"og:type\" content=\"article\" \/>\n<meta property=\"og:title\" content=\"Th\u00e9rapie en ligne - Psychologue Madrid Hortaleza\" \/>\n<meta property=\"og:description\" content=\"Sans contrainte de d\u00e9placement - M\u00eames principes et m\u00e9thodes que th\u00e9rapie pr\u00e9sentielle - Pratique si en d\u00e9placement ou expatri\u00e9 - Plateforme s\u00e9curis\u00e9e\" \/>\n<meta property=\"og:url\" content=\"https:\/\/temerecesermasfeliz.com\/fr\/therapie-en-ligne\/\" \/>\n<meta property=\"og:site_name\" content=\"Psic\u00f3loga Madrid Hortaleza\" \/>\n<meta property=\"article:modified_time\" content=\"2026-02-26T08:47:51+00:00\" \/>\n<meta property=\"og:image\" content=\"https:\/\/temerecesermasfeliz.com\/wp-content\/uploads\/2025\/10\/temereceserfeliz-4a.jpg\" \/>\n\t<meta property=\"og:image:width\" content=\"600\" \/>\n\t<meta property=\"og:image:height\" content=\"550\" \/>\n\t<meta property=\"og:image:type\" content=\"image\/jpeg\" \/>\n<meta name=\"twitter:card\" content=\"summary_large_image\" \/>\n<meta name=\"twitter:site\" content=\"@temereces\" \/>\n<meta name=\"twitter:label1\" content=\"Dur\u00e9e de lecture estim\u00e9e\" \/>\n\t<meta name=\"twitter:data1\" content=\"2 minutes\" \/>\n<script type=\"application\/ld+json\" class=\"yoast-schema-graph\">{\"@context\":\"https:\/\/schema.org\",\"@graph\":[{\"@type\":\"WebPage\",\"@id\":\"https:\/\/temerecesermasfeliz.com\/fr\/therapie-en-ligne\/\",\"url\":\"https:\/\/temerecesermasfeliz.com\/fr\/therapie-en-ligne\/\",\"name\":\"Th\u00e9rapie en ligne - Psychologue Madrid Hortaleza\",\"isPartOf\":{\"@id\":\"https:\/\/temerecesermasfeliz.com\/fr\/#website\"},\"primaryImageOfPage\":{\"@id\":\"https:\/\/temerecesermasfeliz.com\/fr\/therapie-en-ligne\/#primaryimage\"},\"image\":{\"@id\":\"https:\/\/temerecesermasfeliz.com\/fr\/therapie-en-ligne\/#primaryimage\"},\"thumbnailUrl\":\"https:\/\/temerecesermasfeliz.com\/wp-content\/uploads\/2025\/10\/temereceserfeliz-4a.jpg\",\"datePublished\":\"2025-10-21T08:16:29+00:00\",\"dateModified\":\"2026-02-26T08:47:51+00:00\",\"description\":\"Sans contrainte de d\u00e9placement - M\u00eames principes et m\u00e9thodes que th\u00e9rapie pr\u00e9sentielle - Pratique si en d\u00e9placement ou expatri\u00e9 - Plateforme s\u00e9curis\u00e9e\",\"breadcrumb\":{\"@id\":\"https:\/\/temerecesermasfeliz.com\/fr\/therapie-en-ligne\/#breadcrumb\"},\"inLanguage\":\"fr-FR\",\"potentialAction\":[{\"@type\":\"ReadAction\",\"target\":[\"https:\/\/temerecesermasfeliz.com\/fr\/therapie-en-ligne\/\"]}]},{\"@type\":\"ImageObject\",\"inLanguage\":\"fr-FR\",\"@id\":\"https:\/\/temerecesermasfeliz.com\/fr\/therapie-en-ligne\/#primaryimage\",\"url\":\"https:\/\/temerecesermasfeliz.com\/wp-content\/uploads\/2025\/10\/temereceserfeliz-4a.jpg\",\"contentUrl\":\"https:\/\/temerecesermasfeliz.com\/wp-content\/uploads\/2025\/10\/temereceserfeliz-4a.jpg\"},{\"@type\":\"BreadcrumbList\",\"@id\":\"https:\/\/temerecesermasfeliz.com\/fr\/therapie-en-ligne\/#breadcrumb\",\"itemListElement\":[{\"@type\":\"ListItem\",\"position\":1,\"name\":\"Portada\",\"item\":\"https:\/\/temerecesermasfeliz.com\/fr\/\"},{\"@type\":\"ListItem\",\"position\":2,\"name\":\"Th\u00e9rapie en ligne\"}]},{\"@type\":\"WebSite\",\"@id\":\"https:\/\/temerecesermasfeliz.com\/fr\/#website\",\"url\":\"https:\/\/temerecesermasfeliz.com\/fr\/\",\"name\":\"Psic\u00f3loga Madrid Hortaleza\",\"description\":\"Te mereces ser m\u00e1s feliz - Psic\u00f3loga Hortaleza Parque Conde de Orgaz Liceo Franc\u00e9s de Madrid - Isabel Lazaro\",\"publisher\":{\"@id\":\"https:\/\/temerecesermasfeliz.com\/fr\/#organization\"},\"potentialAction\":[{\"@type\":\"SearchAction\",\"target\":{\"@type\":\"EntryPoint\",\"urlTemplate\":\"https:\/\/temerecesermasfeliz.com\/fr\/?s={search_term_string}\"},\"query-input\":{\"@type\":\"PropertyValueSpecification\",\"valueRequired\":true,\"valueName\":\"search_term_string\"}}],\"inLanguage\":\"fr-FR\"},{\"@type\":\"Organization\",\"@id\":\"https:\/\/temerecesermasfeliz.com\/fr\/#organization\",\"name\":\"Psic\u00f3loga Madrid Hortaleza\",\"url\":\"https:\/\/temerecesermasfeliz.com\/fr\/\",\"logo\":{\"@type\":\"ImageObject\",\"inLanguage\":\"fr-FR\",\"@id\":\"https:\/\/temerecesermasfeliz.com\/fr\/#\/schema\/logo\/image\/\",\"url\":\"https:\/\/temerecesermasfeliz.com\/wp-content\/uploads\/2025\/10\/temerecesermasfeliz-logo.png\",\"contentUrl\":\"https:\/\/temerecesermasfeliz.com\/wp-content\/uploads\/2025\/10\/temerecesermasfeliz-logo.png\",\"width\":410,\"height\":155,\"caption\":\"Psic\u00f3loga Madrid Hortaleza\"},\"image\":{\"@id\":\"https:\/\/temerecesermasfeliz.com\/fr\/#\/schema\/logo\/image\/\"},\"sameAs\":[\"https:\/\/x.com\/temereces\",\"https:\/\/www.linkedin.com\/in\/temerecesermasfeliz\/\"]}]}<\/script>\n<!-- \/ Yoast SEO plugin. -->","yoast_head_json":{"title":"Th\u00e9rapie en ligne - Psychologue Madrid Hortaleza","description":"Sans contrainte de d\u00e9placement - M\u00eames principes et m\u00e9thodes que th\u00e9rapie pr\u00e9sentielle - Pratique si en d\u00e9placement ou expatri\u00e9 - Plateforme s\u00e9curis\u00e9e","robots":{"index":"index","follow":"follow","max-snippet":"max-snippet:-1","max-image-preview":"max-image-preview:large","max-video-preview":"max-video-preview:-1"},"canonical":"https:\/\/temerecesermasfeliz.com\/fr\/therapie-en-ligne\/","og_locale":"fr_FR","og_type":"article","og_title":"Th\u00e9rapie en ligne - Psychologue Madrid Hortaleza","og_description":"Sans contrainte de d\u00e9placement - M\u00eames principes et m\u00e9thodes que th\u00e9rapie pr\u00e9sentielle - Pratique si en d\u00e9placement ou expatri\u00e9 - Plateforme s\u00e9curis\u00e9e","og_url":"https:\/\/temerecesermasfeliz.com\/fr\/therapie-en-ligne\/","og_site_name":"Psic\u00f3loga Madrid Hortaleza","article_modified_time":"2026-02-26T08:47:51+00:00","og_image":[{"width":600,"height":550,"url":"https:\/\/temerecesermasfeliz.com\/wp-content\/uploads\/2025\/10\/temereceserfeliz-4a.jpg","type":"image\/jpeg"}],"twitter_card":"summary_large_image","twitter_site":"@temereces","twitter_misc":{"Dur\u00e9e de lecture estim\u00e9e":"2 minutes"},"schema":{"@context":"https:\/\/schema.org","@graph":[{"@type":"WebPage","@id":"https:\/\/temerecesermasfeliz.com\/fr\/therapie-en-ligne\/","url":"https:\/\/temerecesermasfeliz.com\/fr\/therapie-en-ligne\/","name":"Th\u00e9rapie en ligne - Psychologue Madrid Hortaleza","isPartOf":{"@id":"https:\/\/temerecesermasfeliz.com\/fr\/#website"},"primaryImageOfPage":{"@id":"https:\/\/temerecesermasfeliz.com\/fr\/therapie-en-ligne\/#primaryimage"},"image":{"@id":"https:\/\/temerecesermasfeliz.com\/fr\/therapie-en-ligne\/#primaryimage"},"thumbnailUrl":"https:\/\/temerecesermasfeliz.com\/wp-content\/uploads\/2025\/10\/temereceserfeliz-4a.jpg","datePublished":"2025-10-21T08:16:29+00:00","dateModified":"2026-02-26T08:47:51+00:00","description":"Sans contrainte de d\u00e9placement - M\u00eames principes et m\u00e9thodes que th\u00e9rapie pr\u00e9sentielle - Pratique si en d\u00e9placement ou expatri\u00e9 - Plateforme s\u00e9curis\u00e9e","breadcrumb":{"@id":"https:\/\/temerecesermasfeliz.com\/fr\/therapie-en-ligne\/#breadcrumb"},"inLanguage":"fr-FR","potentialAction":[{"@type":"ReadAction","target":["https:\/\/temerecesermasfeliz.com\/fr\/therapie-en-ligne\/"]}]},{"@type":"ImageObject","inLanguage":"fr-FR","@id":"https:\/\/temerecesermasfeliz.com\/fr\/therapie-en-ligne\/#primaryimage","url":"https:\/\/temerecesermasfeliz.com\/wp-content\/uploads\/2025\/10\/temereceserfeliz-4a.jpg","contentUrl":"https:\/\/temerecesermasfeliz.com\/wp-content\/uploads\/2025\/10\/temereceserfeliz-4a.jpg"},{"@type":"BreadcrumbList","@id":"https:\/\/temerecesermasfeliz.com\/fr\/therapie-en-ligne\/#breadcrumb","itemListElement":[{"@type":"ListItem","position":1,"name":"Portada","item":"https:\/\/temerecesermasfeliz.com\/fr\/"},{"@type":"ListItem","position":2,"name":"Th\u00e9rapie en ligne"}]},{"@type":"WebSite","@id":"https:\/\/temerecesermasfeliz.com\/fr\/#website","url":"https:\/\/temerecesermasfeliz.com\/fr\/","name":"Psic\u00f3loga Madrid Hortaleza","description":"Te mereces ser m\u00e1s feliz - Psic\u00f3loga Hortaleza Parque Conde de Orgaz Liceo Franc\u00e9s de Madrid - Isabel Lazaro","publisher":{"@id":"https:\/\/temerecesermasfeliz.com\/fr\/#organization"},"potentialAction":[{"@type":"SearchAction","target":{"@type":"EntryPoint","urlTemplate":"https:\/\/temerecesermasfeliz.com\/fr\/?s={search_term_string}"},"query-input":{"@type":"PropertyValueSpecification","valueRequired":true,"valueName":"search_term_string"}}],"inLanguage":"fr-FR"},{"@type":"Organization","@id":"https:\/\/temerecesermasfeliz.com\/fr\/#organization","name":"Psic\u00f3loga Madrid Hortaleza","url":"https:\/\/temerecesermasfeliz.com\/fr\/","logo":{"@type":"ImageObject","inLanguage":"fr-FR","@id":"https:\/\/temerecesermasfeliz.com\/fr\/#\/schema\/logo\/image\/","url":"https:\/\/temerecesermasfeliz.com\/wp-content\/uploads\/2025\/10\/temerecesermasfeliz-logo.png","contentUrl":"https:\/\/temerecesermasfeliz.com\/wp-content\/uploads\/2025\/10\/temerecesermasfeliz-logo.png","width":410,"height":155,"caption":"Psic\u00f3loga Madrid Hortaleza"},"image":{"@id":"https:\/\/temerecesermasfeliz.com\/fr\/#\/schema\/logo\/image\/"},"sameAs":["https:\/\/x.com\/temereces","https:\/\/www.linkedin.com\/in\/temerecesermasfeliz\/"]}]}},"_links":{"self":[{"href":"https:\/\/temerecesermasfeliz.com\/fr\/wp-json\/wp\/v2\/pages\/30160","targetHints":{"allow":["GET"]}}],"collection":[{"href":"https:\/\/temerecesermasfeliz.com\/fr\/wp-json\/wp\/v2\/pages"}],"about":[{"href":"https:\/\/temerecesermasfeliz.com\/fr\/wp-json\/wp\/v2\/types\/page"}],"author":[{"embeddable":true,"href":"https:\/\/temerecesermasfeliz.com\/fr\/wp-json\/wp\/v2\/users\/1"}],"replies":[{"embeddable":true,"href":"https:\/\/temerecesermasfeliz.com\/fr\/wp-json\/wp\/v2\/comments?post=30160"}],"version-history":[{"count":35,"href":"https:\/\/temerecesermasfeliz.com\/fr\/wp-json\/wp\/v2\/pages\/30160\/revisions"}],"predecessor-version":[{"id":31116,"href":"https:\/\/temerecesermasfeliz.com\/fr\/wp-json\/wp\/v2\/pages\/30160\/revisions\/31116"}],"wp:attachment":[{"href":"https:\/\/temerecesermasfeliz.com\/fr\/wp-json\/wp\/v2\/media?parent=30160"}],"curies":[{"name":"wp","href":"https:\/\/api.w.org\/{rel}","templated":true}]}}